{"id":882,"date":"2018-11-16T12:26:00","date_gmt":"2018-11-16T11:26:00","guid":{"rendered":"https:\/\/www.china-palast-kleve.de\/hartelijk-welkom\/"},"modified":"2026-04-15T12:08:20","modified_gmt":"2026-04-15T10:08:20","slug":"hartelijk-welkom","status":"publish","type":"page","link":"https:\/\/www.china-palast-kleve.de\/nl\/","title":{"rendered":"Welkom"},"content":{"rendered":"<p>[et_pb_section fb_built=&#8221;1&#8243; _builder_version=&#8221;4.16&#8243; global_colors_info=&#8221;{}&#8221;][et_pb_row _builder_version=&#8221;4.16&#8243; background_size=&#8221;initial&#8221; background_position=&#8221;top_left&#8221; background_repeat=&#8221;repeat&#8221; global_colors_info=&#8221;{}&#8221;][et_pb_column type=&#8221;4_4&#8243; _builder_version=&#8221;4.16&#8243; custom_padding=&#8221;|||&#8221; global_colors_info=&#8221;{}&#8221; custom_padding__hover=&#8221;|||&#8221;][et_pb_text _builder_version=&#8221;4.27.4&#8243; global_colors_info=&#8221;{}&#8221;]<\/p>\n<h3 class=\"ui header\">Hoe werkt onze individuele dinerervaring (gratis WiFi)<\/h3>\n<p>Voor uw zeer individuele culinaire elegantie, samen te stellen uw bord zelf uit een breed scala van groenten, vlees, vis en zeevruchten, evenals diverse delicate sauzen (met tafel clip).<\/p>\n<p>Er zijn geen grenzen aan uw verbeelding! (Plaats de geselecteerde saus in de kom op de rand van de plaat)<\/p>\n<p>U overhandigt de plaat aan onze chef-kok, die de ingredi\u00ebnten voor u bij bliksem snelheid en deskundig op de traditionele manier Wok kookt. Uw individuele schotel zal worden gebracht warm door service in uw plaats.<\/p>\n<p><strong>Wij wensen u een goede eetlust!<\/strong><\/p>\n<p>&nbsp;<\/p>\n<p>[\/et_pb_text][\/et_pb_column][\/et_pb_row][et_pb_row _builder_version=&#8221;4.16&#8243; background_size=&#8221;initial&#8221; background_position=&#8221;top_left&#8221; background_repeat=&#8221;repeat&#8221; global_colors_info=&#8221;{}&#8221;][et_pb_column type=&#8221;4_4&#8243; _builder_version=&#8221;4.16&#8243; custom_padding=&#8221;|||&#8221; global_colors_info=&#8221;{}&#8221; custom_padding__hover=&#8221;|||&#8221;][et_pb_text _builder_version=&#8221;4.27.4&#8243; _module_preset=&#8221;default&#8221; hover_enabled=&#8221;0&#8243; global_colors_info=&#8221;{}&#8221; sticky_enabled=&#8221;0&#8243;]<span><div class=\"_df_book df-lite\" id=\"df_1990\"  _slug=\"speisekarte-november-2025\" data-title=\"speisekarte-november-2025\" wpoptions=\"true\" thumb=\"https:\/\/www.china-palast-kleve.de\/wp-content\/uploads\/WhatsApp-Bild-2025-11-02-um-14.43.04_7245fc17.jpg\" thumbtype=\"\" ><\/div><script class=\"df-shortcode-script\" nowprocket type=\"application\/javascript\">window.option_df_1990 = {\"outline\":[],\"autoEnableOutline\":\"false\",\"autoEnableThumbnail\":\"false\",\"overwritePDFOutline\":\"false\",\"direction\":\"1\",\"pageSize\":\"0\",\"source\":[\"https:\\\/\\\/www.china-palast-kleve.de\\\/wp-content\\\/uploads\\\/WhatsApp-Bild-2025-11-02-um-14.43.04_7245fc17.jpg\",\"https:\\\/\\\/www.china-palast-kleve.de\\\/wp-content\\\/uploads\\\/WhatsApp-Bild-2025-11-02-um-14.43.04_56be0c8c.jpg\"],\"wpOptions\":\"true\",\"links\":[[],[],[]]}; if(window.DFLIP && window.DFLIP.parseBooks){window.DFLIP.parseBooks();}<\/script><\/span>[\/et_pb_text][\/et_pb_column][\/et_pb_row][\/et_pb_section]<\/p>\n","protected":false},"excerpt":{"rendered":"<p>Hoe werkt onze individuele dinerervaring (gratis WiFi) Voor uw zeer individuele culinaire elegantie, samen te stellen uw bord zelf uit een breed scala van groenten, vlees, vis en zeevruchten, evenals diverse delicate sauzen (met tafel clip). Er zijn geen grenzen aan uw verbeelding! (Plaats de geselecteerde saus in de kom op de rand van de [&hellip;]<\/p>\n","protected":false},"author":1,"featured_media":0,"parent":0,"menu_order":0,"comment_status":"closed","ping_status":"closed","template":"","meta":{"_et_pb_use_builder":"on","_et_pb_old_content":"<script>\r\n$(function () {\r\n  var mySwiper = $('.swiper-container').swiper({\r\n    autoplay: 3500,\r\n    mode: 'horizontal',\r\n    loop: true\r\n  });\r\n});\r\n<\/script>\r\n<div class=\"ui stackable grid\">\r\n<div class=\"eight wide column\"><!--\r\n<h3 class=\"ui header\">Wie funktioniert Mongolisch        (Free Wifi)<\/h3>\r\nF\u00fcr Ihr ganz individuelles mongolisch, kulinarisches Elebnis, stellen Sie selbst aus einem reichhaltigen Angebot an Gem\u00fcse, Fleischsorten, Fisch und Meeresfr\u00fcchten so wie verschiedenen delikaten Saucen Ihr Teller zusammen (mit Tischnummernklammer).\r\n\r\nIhrer Fantasie sind dabei keine Grenzen gesetzt! (Die ausgew\u00e4hlte Sauce stellen Sie im Sch\u00e4lchen auf den Rand des Tellers)\r\n\r\nSie \u00fcberreichen den Teller unserem Koch, der die Zutaten f\u00fcr Sie blitzschnell und fachgerecht auf traditionelle mongolische Art auf der Grill-Bar garen wird. Ihr individuelles Gericht wird hei\u00df von Service an Ihren Platz gebracht.\r\n\r\n<strong>Wir w\u00fcnschen einen guten Appetit!<\/strong>\r\n<h3 class=\"ui header\">Geburtstagskind<\/h3>\r\nFalls Sie heute Geburtstag haben und mit mindestens 6 Personen bei uns zu Gast sind, bekommen Sie als Geburtstagsgeschenk Ihr Gericht gratis vom Haus.\r\n\r\nSelbstverst\u00e4ndlich servieren wir an allen Tagen auch \u00e1 la Carte!\r\n\r\n-->\r\n<h3 class=\"ui header\">Wie funktioniert unser individuelles kulinarisches Erlebnis (Free Wifi)<\/h3>\r\nF\u00fcr Ihr ganz individuelles, kulinarisches Elebnis, stellen Sie selbst aus einem reichhaltigen Angebot an Gem\u00fcse, Fleischsorten, Fisch und Meeresfr\u00fcchten so wie verschiedenen delikaten Saucen Ihr Teller zusammen (mit Tischnummernklammer).\r\n\r\nIhrer Fantasie sind dabei keine Grenzen gesetzt! (Die ausgew\u00e4hlte Sauce stellen Sie im Sch\u00e4lchen auf den Rand des Tellers)\r\n\r\nSie \u00fcberreichen den Teller unserem Koch, der die Zutaten f\u00fcr Sie blitzschnell und fachgerecht auf traditionelle Art auf der Grill-Bar garen wird. Ihr individuelles Gericht wird hei\u00df von Service an Ihren Platz gebracht.\r\n\r\n<strong>Wir w\u00fcnschen einen guten Appetit!<\/strong>\r\n<h3 class=\"ui header\">Geburtstagskind<\/h3>\r\nFalls Sie heute Geburtstag haben und mit mindestens 6 Personen bei uns zu Gast sind, bekommen Sie als Geburtstagsgeschenk Ihr Gericht gratis vom Haus.\r\n\r\nSelbstverst\u00e4ndlich servieren wir an allen Tagen auch \u00e1 la Carte!\r\n\r\n<\/div>\r\n<div class=\"eight wide column\">\r\n<div class=\"swiper-container\">\r\n<div class=\"swiper-wrapper\">\r\n<div class=\"swiper-slide\"><\/div>\r\n<\/div>\r\n<\/div>\r\n<\/div>\r\n<\/div>","_et_gb_content_width":"","footnotes":""},"class_list":["post-882","page","type-page","status-publish","hentry"],"_links":{"self":[{"href":"https:\/\/www.china-palast-kleve.de\/nl\/wp-json\/wp\/v2\/pages\/882","targetHints":{"allow":["GET"]}}],"collection":[{"href":"https:\/\/www.china-palast-kleve.de\/nl\/wp-json\/wp\/v2\/pages"}],"about":[{"href":"https:\/\/www.china-palast-kleve.de\/nl\/wp-json\/wp\/v2\/types\/page"}],"author":[{"embeddable":true,"href":"https:\/\/www.china-palast-kleve.de\/nl\/wp-json\/wp\/v2\/users\/1"}],"replies":[{"embeddable":true,"href":"https:\/\/www.china-palast-kleve.de\/nl\/wp-json\/wp\/v2\/comments?post=882"}],"version-history":[{"count":10,"href":"https:\/\/www.china-palast-kleve.de\/nl\/wp-json\/wp\/v2\/pages\/882\/revisions"}],"predecessor-version":[{"id":2113,"href":"https:\/\/www.china-palast-kleve.de\/nl\/wp-json\/wp\/v2\/pages\/882\/revisions\/2113"}],"wp:attachment":[{"href":"https:\/\/www.china-palast-kleve.de\/nl\/wp-json\/wp\/v2\/media?parent=882"}],"curies":[{"name":"wp","href":"https:\/\/api.w.org\/{rel}","templated":true}]}}